{"id":1818,"date":"2024-09-03T18:15:30","date_gmt":"2024-09-03T16:15:30","guid":{"rendered":"https:\/\/nexium-core.com\/shop\/?page_id=1818"},"modified":"2024-09-03T18:16:26","modified_gmt":"2024-09-03T16:16:26","slug":"en-savoir-plus-sur-la-gestion","status":"publish","type":"page","link":"https:\/\/nexium-core.com\/shop\/en-savoir-plus-sur-la-gestion\/","title":{"rendered":"En savoir plus sur la gestion"},"content":{"rendered":"\t\t<div data-elementor-type=\"wp-page\" data-elementor-id=\"1818\" class=\"elementor elementor-1818\" data-elementor-post-type=\"page\">\n\t\t\t\t<div class=\"elementor-element elementor-element-43261f1 e-flex e-con-boxed e-con e-parent\" data-id=\"43261f1\" data-element_type=\"container\">\n\t\t\t\t\t<div class=\"e-con-inner\">\n\t\t\t\t<div class=\"elementor-element elementor-element-ea77f71 elementor-widget elementor-widget-text-editor\" data-id=\"ea77f71\" data-element_type=\"widget\" data-widget_type=\"text-editor.default\">\n\t\t\t\t<div class=\"elementor-widget-container\">\n\t\t\t<style>\/*! elementor - v3.23.0 - 15-07-2024 *\/\n.elementor-widget-text-editor.elementor-drop-cap-view-stacked .elementor-drop-cap{background-color:#69727d;color:#fff}.elementor-widget-text-editor.elementor-drop-cap-view-framed .elementor-drop-cap{color:#69727d;border:3px solid;background-color:transparent}.elementor-widget-text-editor:not(.elementor-drop-cap-view-default) .elementor-drop-cap{margin-top:8px}.elementor-widget-text-editor:not(.elementor-drop-cap-view-default) .elementor-drop-cap-letter{width:1em;height:1em}.elementor-widget-text-editor .elementor-drop-cap{float:left;text-align:center;line-height:1;font-size:50px}.elementor-widget-text-editor .elementor-drop-cap-letter{display:inline-block}<\/style>\t\t\t\t<p><strong>G\u00e9rez vos cartes de visite connect\u00e9es avec une efficacit\u00e9 in\u00e9gal\u00e9e.<\/strong><\/p><p>Nexium Core ne se contente pas de r\u00e9volutionner le partage de vos informations professionnelles, elle vous offre \u00e9galement un puissant outil de gestion pour contr\u00f4ler et optimiser vos interactions. D\u00e9couvrez comment notre tableau de bord intuitif transforme la gestion de vos cartes de visite en une exp\u00e9rience fluide et productive.<\/p><hr \/><h3><strong>Tableau de bord intuitif<\/strong><\/h3><p>Votre tableau de bord est au c\u0153ur de l&#8217;exp\u00e9rience One Card. Con\u00e7u pour \u00eatre \u00e0 la fois puissant et simple d&#8217;utilisation, il vous permet de g\u00e9rer toutes vos cartes de visite connect\u00e9es depuis un seul endroit. Visualisez d&#8217;un coup d&#8217;\u0153il l&#8217;ensemble de vos cartes, suivez l&#8217;activit\u00e9 r\u00e9cente, et acc\u00e9dez rapidement aux fonctionnalit\u00e9s essentielles. L&#8217;interface claire et \u00e9pur\u00e9e vous assure une gestion sans effort, m\u00eame si vous avez plusieurs cartes \u00e0 votre actif.<\/p><hr \/><h3><strong>Suivi des interactions en temps r\u00e9el<\/strong><\/h3><p>Avec One Card, vous savez exactement quand, o\u00f9 et comment vos cartes sont utilis\u00e9es. Notre syst\u00e8me de suivi en temps r\u00e9el vous permet de voir qui a consult\u00e9 vos informations et de mesurer l&#8217;impact de chaque interaction. Que ce soit apr\u00e8s une r\u00e9union, un \u00e9v\u00e9nement professionnel, ou un simple \u00e9change informel, vous pouvez analyser les r\u00e9sultats et ajuster vos strat\u00e9gies de r\u00e9seautage en cons\u00e9quence.<\/p><hr \/><h3><strong>Mise \u00e0 jour facile de vos informations<\/strong><\/h3><p>Vos informations professionnelles \u00e9voluent, et votre One Card aussi. Gr\u00e2ce \u00e0 notre tableau de bord, vous pouvez mettre \u00e0 jour vos coordonn\u00e9es, votre titre ou toute autre information en quelques clics. Les modifications sont instantan\u00e9ment appliqu\u00e9es \u00e0 toutes vos cartes, QR codes et liens de partage, assurant que vos contacts disposent toujours des informations les plus r\u00e9centes.<\/p><hr \/><h3><strong>Gestion centralis\u00e9e des contacts<\/strong><\/h3><p>One Card vous aide \u00e9galement \u00e0 organiser et \u00e0 g\u00e9rer vos contacts de mani\u00e8re efficace. Ajoutez de nouveaux contacts directement depuis votre tableau de bord, associez-les \u00e0 des interactions sp\u00e9cifiques, et gardez une trace de vos \u00e9changes professionnels. Vous pouvez segmenter vos contacts en fonction de crit\u00e8res pertinents, ce qui facilite la gestion de vos relations et l&#8217;optimisation de votre r\u00e9seau professionnel.<\/p><hr \/><h3><strong>Analytique avanc\u00e9e<\/strong><\/h3><p>Prenez des d\u00e9cisions \u00e9clair\u00e9es gr\u00e2ce \u00e0 nos outils d&#8217;analytique avanc\u00e9s. Obtenez des insights d\u00e9taill\u00e9s sur l&#8217;engagement de vos contacts, identifiez les tendances et les opportunit\u00e9s, et am\u00e9liorez vos efforts de r\u00e9seautage en fonction des donn\u00e9es recueillies. Que vous cherchiez \u00e0 approfondir vos relations ou \u00e0 \u00e9largir votre r\u00e9seau, One Card vous fournit les outils n\u00e9cessaires pour r\u00e9ussir.<\/p><hr \/><h3><strong>Int\u00e9gration transparente avec vos outils existants<\/strong><\/h3><p>Nous savons que votre temps est pr\u00e9cieux, c&#8217;est pourquoi One Card s&#8217;int\u00e8gre parfaitement avec vos outils de gestion existants. Synchronisez facilement vos contacts et vos donn\u00e9es avec votre CRM pr\u00e9f\u00e9r\u00e9, exportez des rapports d&#8217;activit\u00e9, ou connectez votre compte \u00e0 d&#8217;autres applications pour une gestion encore plus fluide et centralis\u00e9e.<\/p><hr \/><h3><strong>S\u00e9curit\u00e9 et confidentialit\u00e9 garanties<\/strong><\/h3><p>En plus d&#8217;offrir des fonctionnalit\u00e9s de gestion puissantes, One Card met un point d&#8217;honneur \u00e0 prot\u00e9ger vos donn\u00e9es. Toutes les informations que vous g\u00e9rez sur notre plateforme sont s\u00e9curis\u00e9es par des protocoles de cryptage avanc\u00e9s, et nous sommes conformes aux normes RGPD pour garantir la confidentialit\u00e9 de vos donn\u00e9es professionnelles.<\/p>\t\t\t\t\t\t<\/div>\n\t\t\t\t<\/div>\n\t\t\t\t\t<\/div>\n\t\t\t\t<\/div>\n\t\t\t\t<\/div>\n\t\t","protected":false},"excerpt":{"rendered":"<p>G\u00e9rez vos cartes de visite connect\u00e9es avec une efficacit\u00e9 in\u00e9gal\u00e9e. Nexium Core ne se contente pas de r\u00e9volutionner le partage de vos informations professionnelles, elle vous offre \u00e9galement un puissant outil de gestion pour contr\u00f4ler et optimiser vos interactions. D\u00e9couvrez comment notre tableau de bord intuitif transforme la gestion de vos cartes de visite en [&hellip;]<\/p>\n","protected":false},"author":1,"featured_media":0,"parent":0,"menu_order":0,"comment_status":"closed","ping_status":"closed","template":"","meta":{"site-sidebar-layout":"no-sidebar","site-content-layout":"page-builder","ast-site-content-layout":"full-width-container","site-content-style":"default","site-sidebar-style":"default","ast-global-header-display":"","ast-banner-title-visibility":"","ast-main-header-display":"","ast-hfb-above-header-display":"","ast-hfb-below-header-display":"","ast-hfb-mobile-header-display":"","site-post-title":"disabled","ast-breadcrumbs-content":"","ast-featured-img":"disabled","footer-sml-layout":"","theme-transparent-header-meta":"","adv-header-id-meta":"","stick-header-meta":"","header-above-stick-meta":"","header-main-stick-meta":"","header-below-stick-meta":"","astra-migrate-meta-layouts":"set","ast-page-background-enabled":"default","ast-page-background-meta":{"desktop":{"background-color":"var(--ast-global-color-4)","background-image":"","background-repeat":"repeat","background-position":"center center","background-size":"auto","background-attachment":"scroll","background-type":"","background-media":"","overlay-type":"","overlay-color":"","overlay-opacity":"","overlay-gradient":""},"tablet":{"background-color":"","background-image":"","background-repeat":"repeat","background-position":"center center","background-size":"auto","background-attachment":"scroll","background-type":"","background-media":"","overlay-type":"","overlay-color":"","overlay-opacity":"","overlay-gradient":""},"mobile":{"background-color":"","background-image":"","background-repeat":"repeat","background-position":"center center","background-size":"auto","background-attachment":"scroll","background-type":"","background-media":"","overlay-type":"","overlay-color":"","overlay-opacity":"","overlay-gradient":""}},"ast-content-background-meta":{"desktop":{"background-color":"var(--ast-global-color-5)","background-image":"","background-repeat":"repeat","background-position":"center center","background-size":"auto","background-attachment":"scroll","background-type":"","background-media":"","overlay-type":"","overlay-color":"","overlay-opacity":"","overlay-gradient":""},"tablet":{"background-color":"var(--ast-global-color-5)","background-image":"","background-repeat":"repeat","background-position":"center center","background-size":"auto","background-attachment":"scroll","background-type":"","background-media":"","overlay-type":"","overlay-color":"","overlay-opacity":"","overlay-gradient":""},"mobile":{"background-color":"var(--ast-global-color-5)","background-image":"","background-repeat":"repeat","background-position":"center center","background-size":"auto","background-attachment":"scroll","background-type":"","background-media":"","overlay-type":"","overlay-color":"","overlay-opacity":"","overlay-gradient":""}},"footnotes":""},"class_list":["post-1818","page","type-page","status-publish","hentry"],"_links":{"self":[{"href":"https:\/\/nexium-core.com\/shop\/wp-json\/wp\/v2\/pages\/1818","targetHints":{"allow":["GET"]}}],"collection":[{"href":"https:\/\/nexium-core.com\/shop\/wp-json\/wp\/v2\/pages"}],"about":[{"href":"https:\/\/nexium-core.com\/shop\/wp-json\/wp\/v2\/types\/page"}],"author":[{"embeddable":true,"href":"https:\/\/nexium-core.com\/shop\/wp-json\/wp\/v2\/users\/1"}],"replies":[{"embeddable":true,"href":"https:\/\/nexium-core.com\/shop\/wp-json\/wp\/v2\/comments?post=1818"}],"version-history":[{"count":7,"href":"https:\/\/nexium-core.com\/shop\/wp-json\/wp\/v2\/pages\/1818\/revisions"}],"predecessor-version":[{"id":1825,"href":"https:\/\/nexium-core.com\/shop\/wp-json\/wp\/v2\/pages\/1818\/revisions\/1825"}],"wp:attachment":[{"href":"https:\/\/nexium-core.com\/shop\/wp-json\/wp\/v2\/media?parent=1818"}],"curies":[{"name":"wp","href":"https:\/\/api.w.org\/{rel}","templated":true}]}}