{"id":1813,"date":"2024-09-03T18:12:20","date_gmt":"2024-09-03T16:12:20","guid":{"rendered":"https:\/\/nexium-core.com\/shop\/?page_id=1813"},"modified":"2024-09-03T18:13:22","modified_gmt":"2024-09-03T16:13:22","slug":"en-savoir-plus-sur-le-partage","status":"publish","type":"page","link":"https:\/\/nexium-core.com\/shop\/en-savoir-plus-sur-le-partage\/","title":{"rendered":"En savoir plus sur le partage"},"content":{"rendered":"\t\t<div data-elementor-type=\"wp-page\" data-elementor-id=\"1813\" class=\"elementor elementor-1813\" data-elementor-post-type=\"page\">\n\t\t\t\t<div class=\"elementor-element elementor-element-1e28135 e-flex e-con-boxed e-con e-parent\" data-id=\"1e28135\" data-element_type=\"container\">\n\t\t\t\t\t<div class=\"e-con-inner\">\n\t\t\t\t<div class=\"elementor-element elementor-element-a9c95b2 elementor-widget elementor-widget-text-editor\" data-id=\"a9c95b2\" data-element_type=\"widget\" data-widget_type=\"text-editor.default\">\n\t\t\t\t<div class=\"elementor-widget-container\">\n\t\t\t<style>\/*! elementor - v3.23.0 - 15-07-2024 *\/\n.elementor-widget-text-editor.elementor-drop-cap-view-stacked .elementor-drop-cap{background-color:#69727d;color:#fff}.elementor-widget-text-editor.elementor-drop-cap-view-framed .elementor-drop-cap{color:#69727d;border:3px solid;background-color:transparent}.elementor-widget-text-editor:not(.elementor-drop-cap-view-default) .elementor-drop-cap{margin-top:8px}.elementor-widget-text-editor:not(.elementor-drop-cap-view-default) .elementor-drop-cap-letter{width:1em;height:1em}.elementor-widget-text-editor .elementor-drop-cap{float:left;text-align:center;line-height:1;font-size:50px}.elementor-widget-text-editor .elementor-drop-cap-letter{display:inline-block}<\/style>\t\t\t\t<p><strong>Partagez vos informations professionnelles en un instant avec One Card.<\/strong><\/p><p>La mani\u00e8re dont vous partagez vos informations professionnelles \u00e9volue avec One Card. Gr\u00e2ce \u00e0 notre technologie avanc\u00e9e, vous pouvez \u00e9changer vos coordonn\u00e9es en un clin d&#8217;\u0153il, de mani\u00e8re simple, s\u00e9curis\u00e9e et efficace. D\u00e9couvrez comment One Card transforme votre fa\u00e7on de r\u00e9seauter.<\/p><hr \/><h3><strong>Partage instantan\u00e9 avec la technologie NFC<\/strong><\/h3><p>One Card est \u00e9quip\u00e9e de la technologie NFC (Near Field Communication), qui permet de partager vos informations d&#8217;un simple geste. Il vous suffit de toucher votre One Card contre le smartphone de votre interlocuteur pour que vos coordonn\u00e9es s&#8217;affichent instantan\u00e9ment sur son appareil. C&#8217;est aussi simple que \u00e7a. Fini les \u00e9changes laborieux de cartes papier ou la saisie manuelle des coordonn\u00e9es.<\/p><hr \/><h3><strong>Partage par QR Code<\/strong><\/h3><p>En plus du NFC, chaque One Card est dot\u00e9e d&#8217;un QR code unique. Ce code peut \u00eatre scann\u00e9 par n&#8217;importe quel appareil mobile, permettant ainsi de partager vos informations m\u00eame avec ceux qui ne disposent pas de la technologie NFC. Le QR code est une alternative pratique qui garantit que vous pouvez toujours partager vos coordonn\u00e9es, peu importe le contexte.<\/p><hr \/><h3><strong>Partage s\u00e9curis\u00e9 par lien<\/strong><\/h3><p>Pour encore plus de flexibilit\u00e9, One Card vous permet de g\u00e9n\u00e9rer un lien s\u00e9curis\u00e9 que vous pouvez envoyer par email, SMS ou toute autre application de messagerie. Ce lien dirige vos contacts directement vers votre profil num\u00e9rique, o\u00f9 ils peuvent acc\u00e9der \u00e0 vos informations de mani\u00e8re instantan\u00e9e. Le partage par lien est id\u00e9al pour les \u00e9changes \u00e0 distance ou lorsque vous ne pouvez pas \u00eatre en face-\u00e0-face.<\/p><hr \/><h3><strong>Contr\u00f4le total de vos informations<\/strong><\/h3><p>Avec One Card, vous avez toujours le contr\u00f4le sur les informations que vous partagez. Vous pouvez mettre \u00e0 jour vos coordonn\u00e9es \u00e0 tout moment via notre tableau de bord intuitif, et les modifications sont instantan\u00e9ment refl\u00e9t\u00e9es sur votre One Card, vos QR codes et vos liens. Vous d\u00e9cidez ce que vous partagez, quand vous le partagez, et avec qui.<\/p><hr \/><h3><strong>Suivi et analytique des partages<\/strong><\/h3><p>Gr\u00e2ce \u00e0 notre syst\u00e8me de suivi int\u00e9gr\u00e9, vous pouvez voir en temps r\u00e9el qui a consult\u00e9 vos informations, quand et comment. Analysez vos interactions pour mieux comprendre l&#8217;impact de votre r\u00e9seautage et ajustez vos strat\u00e9gies en cons\u00e9quence. Que vous soyez en r\u00e9union, \u00e0 un \u00e9v\u00e9nement ou en d\u00e9placement, vous saurez toujours comment vos cartes sont utilis\u00e9es.<\/p><hr \/><h3><strong>Support universel<\/strong><\/h3><p>One Card est compatible avec tous les appareils modernes, qu&#8217;ils soient sous iOS, Android, ou toute autre plateforme. Que vos interlocuteurs utilisent un smartphone r\u00e9cent ou un appareil plus ancien, ils pourront toujours acc\u00e9der \u00e0 vos informations sans difficult\u00e9. Le partage est rapide, fluide et universel.<\/p>\t\t\t\t\t\t<\/div>\n\t\t\t\t<\/div>\n\t\t\t\t\t<\/div>\n\t\t\t\t<\/div>\n\t\t\t\t<\/div>\n\t\t","protected":false},"excerpt":{"rendered":"<p>Partagez vos informations professionnelles en un instant avec One Card. La mani\u00e8re dont vous partagez vos informations professionnelles \u00e9volue avec One Card. Gr\u00e2ce \u00e0 notre technologie avanc\u00e9e, vous pouvez \u00e9changer vos coordonn\u00e9es en un clin d&#8217;\u0153il, de mani\u00e8re simple, s\u00e9curis\u00e9e et efficace. D\u00e9couvrez comment One Card transforme votre fa\u00e7on de r\u00e9seauter. Partage instantan\u00e9 avec la [&hellip;]<\/p>\n","protected":false},"author":1,"featured_media":0,"parent":0,"menu_order":0,"comment_status":"closed","ping_status":"closed","template":"","meta":{"site-sidebar-layout":"no-sidebar","site-content-layout":"page-builder","ast-site-content-layout":"full-width-container","site-content-style":"default","site-sidebar-style":"default","ast-global-header-display":"","ast-banner-title-visibility":"","ast-main-header-display":"","ast-hfb-above-header-display":"","ast-hfb-below-header-display":"","ast-hfb-mobile-header-display":"","site-post-title":"disabled","ast-breadcrumbs-content":"","ast-featured-img":"disabled","footer-sml-layout":"","theme-transparent-header-meta":"","adv-header-id-meta":"","stick-header-meta":"","header-above-stick-meta":"","header-main-stick-meta":"","header-below-stick-meta":"","astra-migrate-meta-layouts":"set","ast-page-background-enabled":"default","ast-page-background-meta":{"desktop":{"background-color":"var(--ast-global-color-4)","background-image":"","background-repeat":"repeat","background-position":"center center","background-size":"auto","background-attachment":"scroll","background-type":"","background-media":"","overlay-type":"","overlay-color":"","overlay-opacity":"","overlay-gradient":""},"tablet":{"background-color":"","background-image":"","background-repeat":"repeat","background-position":"center center","background-size":"auto","background-attachment":"scroll","background-type":"","background-media":"","overlay-type":"","overlay-color":"","overlay-opacity":"","overlay-gradient":""},"mobile":{"background-color":"","background-image":"","background-repeat":"repeat","background-position":"center center","background-size":"auto","background-attachment":"scroll","background-type":"","background-media":"","overlay-type":"","overlay-color":"","overlay-opacity":"","overlay-gradient":""}},"ast-content-background-meta":{"desktop":{"background-color":"var(--ast-global-color-5)","background-image":"","background-repeat":"repeat","background-position":"center center","background-size":"auto","background-attachment":"scroll","background-type":"","background-media":"","overlay-type":"","overlay-color":"","overlay-opacity":"","overlay-gradient":""},"tablet":{"background-color":"var(--ast-global-color-5)","background-image":"","background-repeat":"repeat","background-position":"center center","background-size":"auto","background-attachment":"scroll","background-type":"","background-media":"","overlay-type":"","overlay-color":"","overlay-opacity":"","overlay-gradient":""},"mobile":{"background-color":"var(--ast-global-color-5)","background-image":"","background-repeat":"repeat","background-position":"center center","background-size":"auto","background-attachment":"scroll","background-type":"","background-media":"","overlay-type":"","overlay-color":"","overlay-opacity":"","overlay-gradient":""}},"footnotes":""},"class_list":["post-1813","page","type-page","status-publish","hentry"],"_links":{"self":[{"href":"https:\/\/nexium-core.com\/shop\/wp-json\/wp\/v2\/pages\/1813","targetHints":{"allow":["GET"]}}],"collection":[{"href":"https:\/\/nexium-core.com\/shop\/wp-json\/wp\/v2\/pages"}],"about":[{"href":"https:\/\/nexium-core.com\/shop\/wp-json\/wp\/v2\/types\/page"}],"author":[{"embeddable":true,"href":"https:\/\/nexium-core.com\/shop\/wp-json\/wp\/v2\/users\/1"}],"replies":[{"embeddable":true,"href":"https:\/\/nexium-core.com\/shop\/wp-json\/wp\/v2\/comments?post=1813"}],"version-history":[{"count":4,"href":"https:\/\/nexium-core.com\/shop\/wp-json\/wp\/v2\/pages\/1813\/revisions"}],"predecessor-version":[{"id":1817,"href":"https:\/\/nexium-core.com\/shop\/wp-json\/wp\/v2\/pages\/1813\/revisions\/1817"}],"wp:attachment":[{"href":"https:\/\/nexium-core.com\/shop\/wp-json\/wp\/v2\/media?parent=1813"}],"curies":[{"name":"wp","href":"https:\/\/api.w.org\/{rel}","templated":true}]}}