{"id":1808,"date":"2024-09-03T18:00:25","date_gmt":"2024-09-03T16:00:25","guid":{"rendered":"https:\/\/nexium-core.com\/shop\/?page_id=1808"},"modified":"2024-09-04T02:23:28","modified_gmt":"2024-09-04T00:23:28","slug":"en-savoir-plus-sur-la-personnalisation","status":"publish","type":"page","link":"https:\/\/nexium-core.com\/shop\/en-savoir-plus-sur-la-personnalisation\/","title":{"rendered":"En savoir plus sur la personnalisation"},"content":{"rendered":"\t\t<div data-elementor-type=\"wp-page\" data-elementor-id=\"1808\" class=\"elementor elementor-1808\" data-elementor-post-type=\"page\">\n\t\t\t\t<div class=\"elementor-element elementor-element-4bcc796 e-flex e-con-boxed e-con e-parent\" data-id=\"4bcc796\" data-element_type=\"container\">\n\t\t\t\t\t<div class=\"e-con-inner\">\n\t\t\t\t<div class=\"elementor-element elementor-element-3eb15ec elementor-widget elementor-widget-text-editor\" data-id=\"3eb15ec\" data-element_type=\"widget\" data-widget_type=\"text-editor.default\">\n\t\t\t\t<div class=\"elementor-widget-container\">\n\t\t\t<style>\/*! elementor - v3.23.0 - 15-07-2024 *\/\n.elementor-widget-text-editor.elementor-drop-cap-view-stacked .elementor-drop-cap{background-color:#69727d;color:#fff}.elementor-widget-text-editor.elementor-drop-cap-view-framed .elementor-drop-cap{color:#69727d;border:3px solid;background-color:transparent}.elementor-widget-text-editor:not(.elementor-drop-cap-view-default) .elementor-drop-cap{margin-top:8px}.elementor-widget-text-editor:not(.elementor-drop-cap-view-default) .elementor-drop-cap-letter{width:1em;height:1em}.elementor-widget-text-editor .elementor-drop-cap{float:left;text-align:center;line-height:1;font-size:50px}.elementor-widget-text-editor .elementor-drop-cap-letter{display:inline-block}<\/style>\t\t\t\t<h3><strong>Personnalisez votre One Card pour refl\u00e9ter votre identit\u00e9.<\/strong><\/h3><p>Chez Nexium Core, nous savons que chaque professionnel est unique, et votre carte de visite doit refl\u00e9ter votre identit\u00e9 de mani\u00e8re simple et \u00e9l\u00e9gante. C&#8217;est pourquoi nous avons con\u00e7u un processus de personnalisation facile et rapide, o\u00f9 vous n&#8217;avez qu&#8217;\u00e0 fournir votre logo en pdf ou png, et nous nous occupons du reste.<\/p><hr \/><h4><strong>\u00a0<\/strong><\/h4><h4><strong>Ajoutez votre logo<\/strong><\/h4><p>Votre logo est le symbole de votre marque. En l&#8217;int\u00e9grant \u00e0 votre One Card, vous assurez une continuit\u00e9 visuelle avec votre identit\u00e9 professionnelle. Il vous suffit de t\u00e9l\u00e9charger votre logo lors de la commande, et nous nous chargeons de l&#8217;int\u00e9grer parfaitement sur votre carte, en veillant \u00e0 ce qu&#8217;il soit mis en valeur de mani\u00e8re optimale.<\/p><hr \/><h4><strong>\u00a0<\/strong><\/h4><h4><strong>Design sobre et \u00e9l\u00e9gant<\/strong><\/h4><p>Nous avons pr\u00e9-s\u00e9lectionn\u00e9 des designs \u00e9l\u00e9gants qui s&#8217;adaptent \u00e0 tout type de logo et de marque. Nos cartes sont con\u00e7ues avec une esth\u00e9tique professionnelle et intemporelle qui garantit que votre logo se d\u00e9marque, tout en gardant un aspect \u00e9pur\u00e9 et sophistiqu\u00e9.<\/p><hr \/><h4><strong>\u00a0<\/strong><\/h4><h4><strong>Mat\u00e9riaux et finitions de qualit\u00e9<\/strong><\/h4><p>La qualit\u00e9 est au c\u0153ur de notre produit. One Card est fabriqu\u00e9e avec des mat\u00e9riaux premium, combinant du PVC durable avec une finition m\u00e9tallique imprimable au laser. Ce m\u00e9lange unique assure non seulement la long\u00e9vit\u00e9 de votre carte, mais aussi une pr\u00e9sentation exceptionnelle de votre logo. Gr\u00e2ce \u00e0 l&#8217;impression laser, votre logo est grav\u00e9 avec pr\u00e9cision, donnant \u00e0 votre carte un aspect distinctif et haut de gamme.<\/p><hr \/><h4><strong>\u00a0<\/strong><\/h4><h4><strong>Un aper\u00e7u simplifi\u00e9<\/strong><\/h4><p>Pour garantir que votre logo s&#8217;int\u00e8gre parfaitement, nous vous fournissons un aper\u00e7u avant la finalisation. Vous pourrez voir exactement \u00e0 quoi ressemblera votre carte, avec votre logo correctement positionn\u00e9 et proportionn\u00e9.<\/p><hr \/><h4><strong>\u00a0<\/strong><\/h4><h4><strong>Un service sur mesure<\/strong><\/h4><p>Si vous avez des exigences particuli\u00e8res concernant l&#8217;int\u00e9gration de votre logo, notre \u00e9quipe de designers est \u00e0 votre disposition pour assurer un r\u00e9sultat \u00e0 la hauteur de vos attentes. Contactez-nous pour discuter de vos besoins sp\u00e9cifiques.<\/p><hr \/><h4><strong>\u00a0<\/strong><\/h4><h4><strong>Passez \u00e0 l&#8217;action<\/strong><\/h4><p>Pr\u00eat \u00e0 voir votre logo briller sur une carte de visite connect\u00e9e ? T\u00e9l\u00e9chargez votre logo et laissez-nous cr\u00e9er une One Card qui renforce votre image professionnelle.<\/p><p>\u00a0<\/p>\t\t\t\t\t\t<\/div>\n\t\t\t\t<\/div>\n\t\t\t\t<div class=\"elementor-element elementor-element-15e1b07 elementor-widget elementor-widget-button\" data-id=\"15e1b07\" data-element_type=\"widget\" data-widget_type=\"button.default\">\n\t\t\t\t<div class=\"elementor-widget-container\">\n\t\t\t\t\t<div class=\"elementor-button-wrapper\">\n\t\t\t<a class=\"elementor-button elementor-button-link elementor-size-sm\" href=\"https:\/\/nexium-core.com\/shop\/produit\/one-card\/\">\n\t\t\t\t\t\t<span class=\"elementor-button-content-wrapper\">\n\t\t\t\t\t\t\t\t\t<span class=\"elementor-button-text\">Cliquez ici<\/span>\n\t\t\t\t\t<\/span>\n\t\t\t\t\t<\/a>\n\t\t<\/div>\n\t\t\t\t<\/div>\n\t\t\t\t<\/div>\n\t\t\t\t\t<\/div>\n\t\t\t\t<\/div>\n\t\t\t\t<\/div>\n\t\t","protected":false},"excerpt":{"rendered":"<p>Personnalisez votre One Card pour refl\u00e9ter votre identit\u00e9. Chez Nexium Core, nous savons que chaque professionnel est unique, et votre carte de visite doit refl\u00e9ter votre identit\u00e9 de mani\u00e8re simple et \u00e9l\u00e9gante. C&#8217;est pourquoi nous avons con\u00e7u un processus de personnalisation facile et rapide, o\u00f9 vous n&#8217;avez qu&#8217;\u00e0 fournir votre logo en pdf ou png, [&hellip;]<\/p>\n","protected":false},"author":1,"featured_media":0,"parent":0,"menu_order":0,"comment_status":"closed","ping_status":"closed","template":"","meta":{"site-sidebar-layout":"no-sidebar","site-content-layout":"page-builder","ast-site-content-layout":"full-width-container","site-content-style":"default","site-sidebar-style":"default","ast-global-header-display":"","ast-banner-title-visibility":"","ast-main-header-display":"","ast-hfb-above-header-display":"","ast-hfb-below-header-display":"","ast-hfb-mobile-header-display":"","site-post-title":"disabled","ast-breadcrumbs-content":"","ast-featured-img":"disabled","footer-sml-layout":"","theme-transparent-header-meta":"","adv-header-id-meta":"","stick-header-meta":"","header-above-stick-meta":"","header-main-stick-meta":"","header-below-stick-meta":"","astra-migrate-meta-layouts":"set","ast-page-background-enabled":"default","ast-page-background-meta":{"desktop":{"background-color":"var(--ast-global-color-4)","background-image":"","background-repeat":"repeat","background-position":"center center","background-size":"auto","background-attachment":"scroll","background-type":"","background-media":"","overlay-type":"","overlay-color":"","overlay-opacity":"","overlay-gradient":""},"tablet":{"background-color":"","background-image":"","background-repeat":"repeat","background-position":"center center","background-size":"auto","background-attachment":"scroll","background-type":"","background-media":"","overlay-type":"","overlay-color":"","overlay-opacity":"","overlay-gradient":""},"mobile":{"background-color":"","background-image":"","background-repeat":"repeat","background-position":"center center","background-size":"auto","background-attachment":"scroll","background-type":"","background-media":"","overlay-type":"","overlay-color":"","overlay-opacity":"","overlay-gradient":""}},"ast-content-background-meta":{"desktop":{"background-color":"var(--ast-global-color-5)","background-image":"","background-repeat":"repeat","background-position":"center center","background-size":"auto","background-attachment":"scroll","background-type":"","background-media":"","overlay-type":"","overlay-color":"","overlay-opacity":"","overlay-gradient":""},"tablet":{"background-color":"var(--ast-global-color-5)","background-image":"","background-repeat":"repeat","background-position":"center center","background-size":"auto","background-attachment":"scroll","background-type":"","background-media":"","overlay-type":"","overlay-color":"","overlay-opacity":"","overlay-gradient":""},"mobile":{"background-color":"var(--ast-global-color-5)","background-image":"","background-repeat":"repeat","background-position":"center center","background-size":"auto","background-attachment":"scroll","background-type":"","background-media":"","overlay-type":"","overlay-color":"","overlay-opacity":"","overlay-gradient":""}},"footnotes":""},"class_list":["post-1808","page","type-page","status-publish","hentry"],"_links":{"self":[{"href":"https:\/\/nexium-core.com\/shop\/wp-json\/wp\/v2\/pages\/1808","targetHints":{"allow":["GET"]}}],"collection":[{"href":"https:\/\/nexium-core.com\/shop\/wp-json\/wp\/v2\/pages"}],"about":[{"href":"https:\/\/nexium-core.com\/shop\/wp-json\/wp\/v2\/types\/page"}],"author":[{"embeddable":true,"href":"https:\/\/nexium-core.com\/shop\/wp-json\/wp\/v2\/users\/1"}],"replies":[{"embeddable":true,"href":"https:\/\/nexium-core.com\/shop\/wp-json\/wp\/v2\/comments?post=1808"}],"version-history":[{"count":7,"href":"https:\/\/nexium-core.com\/shop\/wp-json\/wp\/v2\/pages\/1808\/revisions"}],"predecessor-version":[{"id":1889,"href":"https:\/\/nexium-core.com\/shop\/wp-json\/wp\/v2\/pages\/1808\/revisions\/1889"}],"wp:attachment":[{"href":"https:\/\/nexium-core.com\/shop\/wp-json\/wp\/v2\/media?parent=1808"}],"curies":[{"name":"wp","href":"https:\/\/api.w.org\/{rel}","templated":true}]}}