{"id":1494,"date":"2024-07-16T07:53:37","date_gmt":"2024-07-16T05:53:37","guid":{"rendered":"http:\/\/localhost:8888\/shop\/?page_id=1494"},"modified":"2024-09-04T02:12:00","modified_gmt":"2024-09-04T00:12:00","slug":"onecard","status":"publish","type":"page","link":"https:\/\/nexium-core.com\/shop\/onecard\/","title":{"rendered":"OneCard"},"content":{"rendered":"\t\t<div data-elementor-type=\"wp-page\" data-elementor-id=\"1494\" class=\"elementor elementor-1494\" data-elementor-post-type=\"page\">\n\t\t\t\t<div class=\"elementor-element elementor-element-14314e5 e-flex e-con-boxed e-con e-parent\" data-id=\"14314e5\" data-element_type=\"container\" data-settings=\"{&quot;background_background&quot;:&quot;classic&quot;}\">\n\t\t\t\t\t<div class=\"e-con-inner\">\n\t\t\t\t<div class=\"elementor-element elementor-element-c3fefa8 elementor-invisible elementor-widget elementor-widget-heading\" data-id=\"c3fefa8\" data-element_type=\"widget\" data-settings=\"{&quot;_animation&quot;:&quot;fadeInDown&quot;}\" data-widget_type=\"heading.default\">\n\t\t\t\t<div class=\"elementor-widget-container\">\n\t\t\t<style>\/*! elementor - v3.23.0 - 15-07-2024 *\/\n.elementor-heading-title{padding:0;margin:0;line-height:1}.elementor-widget-heading .elementor-heading-title[class*=elementor-size-]>a{color:inherit;font-size:inherit;line-height:inherit}.elementor-widget-heading .elementor-heading-title.elementor-size-small{font-size:15px}.elementor-widget-heading .elementor-heading-title.elementor-size-medium{font-size:19px}.elementor-widget-heading .elementor-heading-title.elementor-size-large{font-size:29px}.elementor-widget-heading .elementor-heading-title.elementor-size-xl{font-size:39px}.elementor-widget-heading .elementor-heading-title.elementor-size-xxl{font-size:59px}<\/style><h1 class=\"elementor-heading-title elementor-size-default\"><img decoding=\"async\" class=\"hero-title-img\" src=\"\/shop\/wp-content\/uploads\/2024\/07\/Fichier-2_1@0.5x-e1721057840568.png\"> OneCard<\/h1>\t\t<\/div>\n\t\t\t\t<\/div>\n\t\t\t\t<div class=\"elementor-element elementor-element-6ed93c3 animated-slow hero-onecard-img e-transform elementor-invisible elementor-widget elementor-widget-image\" data-id=\"6ed93c3\" data-element_type=\"widget\" data-settings=\"{&quot;_animation&quot;:&quot;fadeInUp&quot;,&quot;_animation_tablet&quot;:&quot;fadeInUp&quot;,&quot;_animation_mobile&quot;:&quot;fadeInUp&quot;,&quot;_transform_translateX_effect&quot;:{&quot;unit&quot;:&quot;px&quot;,&quot;size&quot;:&quot;&quot;,&quot;sizes&quot;:[]},&quot;_transform_translateX_effect_tablet&quot;:{&quot;unit&quot;:&quot;px&quot;,&quot;size&quot;:&quot;&quot;,&quot;sizes&quot;:[]},&quot;_transform_translateX_effect_mobile&quot;:{&quot;unit&quot;:&quot;px&quot;,&quot;size&quot;:&quot;&quot;,&quot;sizes&quot;:[]},&quot;_transform_translateY_effect&quot;:{&quot;unit&quot;:&quot;px&quot;,&quot;size&quot;:&quot;&quot;,&quot;sizes&quot;:[]},&quot;_transform_translateY_effect_tablet&quot;:{&quot;unit&quot;:&quot;px&quot;,&quot;size&quot;:&quot;&quot;,&quot;sizes&quot;:[]},&quot;_transform_translateY_effect_mobile&quot;:{&quot;unit&quot;:&quot;px&quot;,&quot;size&quot;:&quot;&quot;,&quot;sizes&quot;:[]}}\" data-widget_type=\"image.default\">\n\t\t\t\t<div class=\"elementor-widget-container\">\n\t\t\t<style>\/*! elementor - v3.23.0 - 15-07-2024 *\/\n.elementor-widget-image{text-align:center}.elementor-widget-image a{display:inline-block}.elementor-widget-image a img[src$=\".svg\"]{width:48px}.elementor-widget-image img{vertical-align:middle;display:inline-block}<\/style>\t\t\t\t\t\t\t\t\t\t<img fetchpriority=\"high\" decoding=\"async\" width=\"1024\" height=\"712\" src=\"https:\/\/nexium-core.com\/shop\/wp-content\/uploads\/2024\/07\/iphone14mockupsimple9fp-copie-min-1024x712.png\" class=\"attachment-large size-large wp-image-1382\" alt=\"\" srcset=\"https:\/\/nexium-core.com\/shop\/wp-content\/uploads\/2024\/07\/iphone14mockupsimple9fp-copie-min-1024x712.png 1024w, https:\/\/nexium-core.com\/shop\/wp-content\/uploads\/2024\/07\/iphone14mockupsimple9fp-copie-min-600x417.png 600w, https:\/\/nexium-core.com\/shop\/wp-content\/uploads\/2024\/07\/iphone14mockupsimple9fp-copie-min-300x209.png 300w, https:\/\/nexium-core.com\/shop\/wp-content\/uploads\/2024\/07\/iphone14mockupsimple9fp-copie-min-768x534.png 768w, https:\/\/nexium-core.com\/shop\/wp-content\/uploads\/2024\/07\/iphone14mockupsimple9fp-copie-min-1536x1068.png 1536w, https:\/\/nexium-core.com\/shop\/wp-content\/uploads\/2024\/07\/iphone14mockupsimple9fp-copie-min-2048x1424.png 2048w\" sizes=\"(max-width: 1024px) 100vw, 1024px\" \/>\t\t\t\t\t\t\t\t\t\t\t\t\t<\/div>\n\t\t\t\t<\/div>\n\t\t\t\t\t<\/div>\n\t\t\t\t<\/div>\n\t\t<div class=\"elementor-element elementor-element-23030b2 e-flex e-con-boxed e-con e-parent\" data-id=\"23030b2\" data-element_type=\"container\" data-settings=\"{&quot;background_background&quot;:&quot;classic&quot;}\">\n\t\t\t\t\t<div class=\"e-con-inner\">\n\t\t\t\t<div class=\"elementor-element elementor-element-44fc853 animated-slow elementor-invisible elementor-widget elementor-widget-heading\" data-id=\"44fc853\" data-element_type=\"widget\" data-settings=\"{&quot;_animation&quot;:&quot;fadeIn&quot;,&quot;_animation_delay&quot;:2000}\" data-widget_type=\"heading.default\">\n\t\t\t\t<div class=\"elementor-widget-container\">\n\t\t\t<h2 class=\"elementor-heading-title elementor-size-default\">Le futur du r\u00e9seautage est ici.<\/h2>\t\t<\/div>\n\t\t\t\t<\/div>\n\t\t\t\t<div class=\"elementor-element elementor-element-2ea2af6 elementor-invisible elementor-widget elementor-widget-text-editor\" data-id=\"2ea2af6\" data-element_type=\"widget\" data-settings=\"{&quot;_animation&quot;:&quot;fadeInUp&quot;}\" data-widget_type=\"text-editor.default\">\n\t\t\t\t<div class=\"elementor-widget-container\">\n\t\t\t<style>\/*! elementor - v3.23.0 - 15-07-2024 *\/\n.elementor-widget-text-editor.elementor-drop-cap-view-stacked .elementor-drop-cap{background-color:#69727d;color:#fff}.elementor-widget-text-editor.elementor-drop-cap-view-framed .elementor-drop-cap{color:#69727d;border:3px solid;background-color:transparent}.elementor-widget-text-editor:not(.elementor-drop-cap-view-default) .elementor-drop-cap{margin-top:8px}.elementor-widget-text-editor:not(.elementor-drop-cap-view-default) .elementor-drop-cap-letter{width:1em;height:1em}.elementor-widget-text-editor .elementor-drop-cap{float:left;text-align:center;line-height:1;font-size:50px}.elementor-widget-text-editor .elementor-drop-cap-letter{display:inline-block}<\/style>\t\t\t\t<p>Envie d\u2019une carte de visite connect\u00e9e et pratique ? Personnalisez votre One Card en un instant. Partagez vos informations en un clin d&#8217;\u0153il via NFC, QR code ou lien s\u00e9curis\u00e9. G\u00e9rez vos cartes et contacts facilement avec notre tableau de bord intuitif. Le tout, avec la s\u00e9curit\u00e9 et la confidentialit\u00e9 de Nexium Core.<\/p>\t\t\t\t\t\t<\/div>\n\t\t\t\t<\/div>\n\t\t<div class=\"elementor-element elementor-element-df0b25b container-onecard e-flex e-con-boxed e-con e-child\" data-id=\"df0b25b\" data-element_type=\"container\" data-settings=\"{&quot;background_background&quot;:&quot;gradient&quot;}\">\n\t\t\t\t\t<div class=\"e-con-inner\">\n\t\t\t\t<div class=\"elementor-element elementor-element-2021d11 elementor-widget elementor-widget-heading\" data-id=\"2021d11\" data-element_type=\"widget\" data-widget_type=\"heading.default\">\n\t\t\t\t<div class=\"elementor-widget-container\">\n\t\t\t<h2 class=\"elementor-heading-title elementor-size-default\">OneCard<\/h2>\t\t<\/div>\n\t\t\t\t<\/div>\n\t\t\t\t<div class=\"elementor-element elementor-element-58c9137 elementor-widget elementor-widget-text-editor\" data-id=\"58c9137\" data-element_type=\"widget\" data-widget_type=\"text-editor.default\">\n\t\t\t\t<div class=\"elementor-widget-container\">\n\t\t\t\t\t\t\t<p>L&#8217;innovation \u00e0 porter de main.<\/p>\t\t\t\t\t\t<\/div>\n\t\t\t\t<\/div>\n\t\t\t\t<div class=\"elementor-element elementor-element-15af5d4 elementor-widget elementor-widget-text-editor\" data-id=\"15af5d4\" data-element_type=\"widget\" data-widget_type=\"text-editor.default\">\n\t\t\t\t<div class=\"elementor-widget-container\">\n\t\t\t\t\t\t\t<p>30 \u20ac<\/p>\t\t\t\t\t\t<\/div>\n\t\t\t\t<\/div>\n\t\t\t\t<div class=\"elementor-element elementor-element-16e5ec1 elementor-widget__width-auto elementor-mobile-align-center elementor-align-center elementor-widget elementor-widget-button\" data-id=\"16e5ec1\" data-element_type=\"widget\" data-widget_type=\"button.default\">\n\t\t\t\t<div class=\"elementor-widget-container\">\n\t\t\t\t\t<div class=\"elementor-button-wrapper\">\n\t\t\t<a class=\"elementor-button elementor-button-link elementor-size-sm\" href=\"https:\/\/nexium-core.com\/shop\/produit\/one-card\/\">\n\t\t\t\t\t\t<span class=\"elementor-button-content-wrapper\">\n\t\t\t\t\t\t\t\t\t<span class=\"elementor-button-text\">Acheter<\/span>\n\t\t\t\t\t<\/span>\n\t\t\t\t\t<\/a>\n\t\t<\/div>\n\t\t\t\t<\/div>\n\t\t\t\t<\/div>\n\t\t<div class=\"elementor-element elementor-element-ebdaf97 e-grid e-con-full onecard-img e-con e-child\" data-id=\"ebdaf97\" data-element_type=\"container\">\n\t\t\t\t<div class=\"elementor-element elementor-element-4f4b8e8 e-transform elementor-widget elementor-widget-image\" data-id=\"4f4b8e8\" data-element_type=\"widget\" data-settings=\"{&quot;_transform_translateX_effect&quot;:{&quot;unit&quot;:&quot;px&quot;,&quot;size&quot;:-95,&quot;sizes&quot;:[]},&quot;_transform_translateY_effect&quot;:{&quot;unit&quot;:&quot;px&quot;,&quot;size&quot;:59,&quot;sizes&quot;:[]},&quot;_transform_translateX_effect_mobile&quot;:{&quot;unit&quot;:&quot;px&quot;,&quot;size&quot;:-45,&quot;sizes&quot;:[]},&quot;_transform_translateY_effect_mobile&quot;:{&quot;unit&quot;:&quot;px&quot;,&quot;size&quot;:85,&quot;sizes&quot;:[]},&quot;_transform_translateX_effect_tablet&quot;:{&quot;unit&quot;:&quot;px&quot;,&quot;size&quot;:&quot;&quot;,&quot;sizes&quot;:[]},&quot;_transform_translateY_effect_tablet&quot;:{&quot;unit&quot;:&quot;px&quot;,&quot;size&quot;:&quot;&quot;,&quot;sizes&quot;:[]}}\" data-widget_type=\"image.default\">\n\t\t\t\t<div class=\"elementor-widget-container\">\n\t\t\t\t\t\t\t\t\t\t\t\t\t<img decoding=\"async\" width=\"2083\" height=\"1375\" src=\"https:\/\/nexium-core.com\/shop\/wp-content\/uploads\/2024\/07\/136172757_f502b3e8-4df0-4626-9c01-9d4365757bf8-copie.png\" class=\"attachment-full size-full wp-image-1527\" alt=\"\" srcset=\"https:\/\/nexium-core.com\/shop\/wp-content\/uploads\/2024\/07\/136172757_f502b3e8-4df0-4626-9c01-9d4365757bf8-copie.png 2083w, https:\/\/nexium-core.com\/shop\/wp-content\/uploads\/2024\/07\/136172757_f502b3e8-4df0-4626-9c01-9d4365757bf8-copie-600x396.png 600w, https:\/\/nexium-core.com\/shop\/wp-content\/uploads\/2024\/07\/136172757_f502b3e8-4df0-4626-9c01-9d4365757bf8-copie-300x198.png 300w, https:\/\/nexium-core.com\/shop\/wp-content\/uploads\/2024\/07\/136172757_f502b3e8-4df0-4626-9c01-9d4365757bf8-copie-1024x676.png 1024w, https:\/\/nexium-core.com\/shop\/wp-content\/uploads\/2024\/07\/136172757_f502b3e8-4df0-4626-9c01-9d4365757bf8-copie-768x507.png 768w, https:\/\/nexium-core.com\/shop\/wp-content\/uploads\/2024\/07\/136172757_f502b3e8-4df0-4626-9c01-9d4365757bf8-copie-1536x1014.png 1536w, https:\/\/nexium-core.com\/shop\/wp-content\/uploads\/2024\/07\/136172757_f502b3e8-4df0-4626-9c01-9d4365757bf8-copie-2048x1352.png 2048w\" sizes=\"(max-width: 2083px) 100vw, 2083px\" \/>\t\t\t\t\t\t\t\t\t\t\t\t\t<\/div>\n\t\t\t\t<\/div>\n\t\t\t\t<div class=\"elementor-element elementor-element-995b817 e-transform elementor-widget elementor-widget-image\" data-id=\"995b817\" data-element_type=\"widget\" data-settings=\"{&quot;_transform_translateX_effect_mobile&quot;:{&quot;unit&quot;:&quot;px&quot;,&quot;size&quot;:-232,&quot;sizes&quot;:[]},&quot;_transform_translateY_effect_mobile&quot;:{&quot;unit&quot;:&quot;px&quot;,&quot;size&quot;:10,&quot;sizes&quot;:[]},&quot;_transform_translateX_effect&quot;:{&quot;unit&quot;:&quot;px&quot;,&quot;size&quot;:&quot;&quot;,&quot;sizes&quot;:[]},&quot;_transform_translateX_effect_tablet&quot;:{&quot;unit&quot;:&quot;px&quot;,&quot;size&quot;:&quot;&quot;,&quot;sizes&quot;:[]},&quot;_transform_translateY_effect&quot;:{&quot;unit&quot;:&quot;px&quot;,&quot;size&quot;:&quot;&quot;,&quot;sizes&quot;:[]},&quot;_transform_translateY_effect_tablet&quot;:{&quot;unit&quot;:&quot;px&quot;,&quot;size&quot;:&quot;&quot;,&quot;sizes&quot;:[]}}\" data-widget_type=\"image.default\">\n\t\t\t\t<div class=\"elementor-widget-container\">\n\t\t\t\t\t\t\t\t\t\t\t\t\t<img decoding=\"async\" width=\"860\" height=\"1024\" src=\"https:\/\/nexium-core.com\/shop\/wp-content\/uploads\/2024\/07\/72078152_22-PHONE-SCREEN-MOCKUP-copie-2-min-1-860x1024.png\" class=\"attachment-large size-large wp-image-1558\" alt=\"\" srcset=\"https:\/\/nexium-core.com\/shop\/wp-content\/uploads\/2024\/07\/72078152_22-PHONE-SCREEN-MOCKUP-copie-2-min-1-860x1024.png 860w, https:\/\/nexium-core.com\/shop\/wp-content\/uploads\/2024\/07\/72078152_22-PHONE-SCREEN-MOCKUP-copie-2-min-1-600x714.png 600w, https:\/\/nexium-core.com\/shop\/wp-content\/uploads\/2024\/07\/72078152_22-PHONE-SCREEN-MOCKUP-copie-2-min-1-252x300.png 252w, https:\/\/nexium-core.com\/shop\/wp-content\/uploads\/2024\/07\/72078152_22-PHONE-SCREEN-MOCKUP-copie-2-min-1-768x914.png 768w, https:\/\/nexium-core.com\/shop\/wp-content\/uploads\/2024\/07\/72078152_22-PHONE-SCREEN-MOCKUP-copie-2-min-1-1291x1536.png 1291w, https:\/\/nexium-core.com\/shop\/wp-content\/uploads\/2024\/07\/72078152_22-PHONE-SCREEN-MOCKUP-copie-2-min-1-1721x2048.png 1721w\" sizes=\"(max-width: 860px) 100vw, 860px\" \/>\t\t\t\t\t\t\t\t\t\t\t\t\t<\/div>\n\t\t\t\t<\/div>\n\t\t\t\t<\/div>\n\t\t\t\t\t<\/div>\n\t\t\t\t<\/div>\n\t\t\t\t\t<\/div>\n\t\t\t\t<\/div>\n\t\t<div class=\"elementor-element elementor-element-535cae5 e-flex e-con-boxed e-con e-parent\" data-id=\"535cae5\" data-element_type=\"container\" data-settings=\"{&quot;background_background&quot;:&quot;classic&quot;}\">\n\t\t\t\t\t<div class=\"e-con-inner\">\n\t\t\t\t<div class=\"elementor-element elementor-element-f0ac37e elementor-invisible elementor-widget elementor-widget-heading\" data-id=\"f0ac37e\" data-element_type=\"widget\" data-settings=\"{&quot;_animation&quot;:&quot;fadeIn&quot;,&quot;_animation_delay&quot;:1000}\" data-widget_type=\"heading.default\">\n\t\t\t\t<div class=\"elementor-widget-container\">\n\t\t\t<h2 class=\"elementor-heading-title elementor-size-default\">Tant de raisons d\u2019opter pour une carte de visite connect\u00e9e.<\/h2>\t\t<\/div>\n\t\t\t\t<\/div>\n\t\t\t\t\t<\/div>\n\t\t\t\t<\/div>\n\t\t\t\t<\/div>\n\t\t","protected":false},"excerpt":{"rendered":"<p>OneCard Le futur du r\u00e9seautage est ici. Envie d\u2019une carte de visite connect\u00e9e et pratique ? Personnalisez votre One Card en un instant. Partagez vos informations en un clin d&#8217;\u0153il via NFC, QR code ou lien s\u00e9curis\u00e9. G\u00e9rez vos cartes et contacts facilement avec notre tableau de bord intuitif. Le tout, avec la s\u00e9curit\u00e9 et [&hellip;]<\/p>\n","protected":false},"author":1,"featured_media":0,"parent":0,"menu_order":0,"comment_status":"closed","ping_status":"closed","template":"","meta":{"site-sidebar-layout":"no-sidebar","site-content-layout":"page-builder","ast-site-content-layout":"full-width-container","site-content-style":"default","site-sidebar-style":"default","ast-global-header-display":"","ast-banner-title-visibility":"","ast-main-header-display":"","ast-hfb-above-header-display":"","ast-hfb-below-header-display":"","ast-hfb-mobile-header-display":"","site-post-title":"disabled","ast-breadcrumbs-content":"","ast-featured-img":"disabled","footer-sml-layout":"","theme-transparent-header-meta":"","adv-header-id-meta":"","stick-header-meta":"","header-above-stick-meta":"","header-main-stick-meta":"","header-below-stick-meta":"","astra-migrate-meta-layouts":"set","ast-page-background-enabled":"default","ast-page-background-meta":{"desktop":{"background-color":"var(--ast-global-color-4)","background-image":"","background-repeat":"repeat","background-position":"center center","background-size":"auto","background-attachment":"scroll","background-type":"","background-media":"","overlay-type":"","overlay-color":"","overlay-opacity":"","overlay-gradient":""},"tablet":{"background-color":"","background-image":"","background-repeat":"repeat","background-position":"center center","background-size":"auto","background-attachment":"scroll","background-type":"","background-media":"","overlay-type":"","overlay-color":"","overlay-opacity":"","overlay-gradient":""},"mobile":{"background-color":"","background-image":"","background-repeat":"repeat","background-position":"center center","background-size":"auto","background-attachment":"scroll","background-type":"","background-media":"","overlay-type":"","overlay-color":"","overlay-opacity":"","overlay-gradient":""}},"ast-content-background-meta":{"desktop":{"background-color":"var(--ast-global-color-5)","background-image":"","background-repeat":"repeat","background-position":"center center","background-size":"auto","background-attachment":"scroll","background-type":"","background-media":"","overlay-type":"","overlay-color":"","overlay-opacity":"","overlay-gradient":""},"tablet":{"background-color":"var(--ast-global-color-5)","background-image":"","background-repeat":"repeat","background-position":"center center","background-size":"auto","background-attachment":"scroll","background-type":"","background-media":"","overlay-type":"","overlay-color":"","overlay-opacity":"","overlay-gradient":""},"mobile":{"background-color":"var(--ast-global-color-5)","background-image":"","background-repeat":"repeat","background-position":"center center","background-size":"auto","background-attachment":"scroll","background-type":"","background-media":"","overlay-type":"","overlay-color":"","overlay-opacity":"","overlay-gradient":""}},"footnotes":""},"class_list":["post-1494","page","type-page","status-publish","hentry"],"_links":{"self":[{"href":"https:\/\/nexium-core.com\/shop\/wp-json\/wp\/v2\/pages\/1494","targetHints":{"allow":["GET"]}}],"collection":[{"href":"https:\/\/nexium-core.com\/shop\/wp-json\/wp\/v2\/pages"}],"about":[{"href":"https:\/\/nexium-core.com\/shop\/wp-json\/wp\/v2\/types\/page"}],"author":[{"embeddable":true,"href":"https:\/\/nexium-core.com\/shop\/wp-json\/wp\/v2\/users\/1"}],"replies":[{"embeddable":true,"href":"https:\/\/nexium-core.com\/shop\/wp-json\/wp\/v2\/comments?post=1494"}],"version-history":[{"count":139,"href":"https:\/\/nexium-core.com\/shop\/wp-json\/wp\/v2\/pages\/1494\/revisions"}],"predecessor-version":[{"id":1886,"href":"https:\/\/nexium-core.com\/shop\/wp-json\/wp\/v2\/pages\/1494\/revisions\/1886"}],"wp:attachment":[{"href":"https:\/\/nexium-core.com\/shop\/wp-json\/wp\/v2\/media?parent=1494"}],"curies":[{"name":"wp","href":"https:\/\/api.w.org\/{rel}","templated":true}]}}